{"id":1403,"date":"2024-09-05T23:44:20","date_gmt":"2024-09-05T21:44:20","guid":{"rendered":"https:\/\/purecrops.com\/?post_type=product&#038;p=1403"},"modified":"2024-09-05T23:46:44","modified_gmt":"2024-09-05T21:46:44","slug":"water-fufu","status":"publish","type":"product","link":"https:\/\/purecrops.com\/fr\/product\/water-fufu\/","title":{"rendered":"Water Fufu"},"content":{"rendered":"<p>Fait \u00e0 partir de farine de manioc soigneusement transform\u00e9e, le Water Fufu est un aliment de base appr\u00e9ci\u00e9 pour sa texture lisse et \u00e9lastique, id\u00e9ale pour accompagner vos plats en sauce pr\u00e9f\u00e9r\u00e9s.<\/p>\n","protected":false},"excerpt":{"rendered":"<p>D\u00e9couvrez le Water Fufu, une sp\u00e9cialit\u00e9 africaine authentique, parfaite pour apporter un go\u00fbt unique et traditionnel \u00e0 vos repas.<\/p>\n","protected":false},"featured_media":1405,"comment_status":"open","ping_status":"closed","template":"","meta":{"_acf_changed":false,"content-type":""},"product_cat":[21],"product_tag":[],"class_list":{"0":"post-1403","1":"product","2":"type-product","3":"status-publish","4":"has-post-thumbnail","6":"product_cat-farines-pates","8":"first","9":"outofstock","10":"purchasable","11":"product-type-simple"},"acf":[],"_links":{"self":[{"href":"https:\/\/purecrops.com\/fr\/wp-json\/wp\/v2\/product\/1403","targetHints":{"allow":["GET"]}}],"collection":[{"href":"https:\/\/purecrops.com\/fr\/wp-json\/wp\/v2\/product"}],"about":[{"href":"https:\/\/purecrops.com\/fr\/wp-json\/wp\/v2\/types\/product"}],"replies":[{"embeddable":true,"href":"https:\/\/purecrops.com\/fr\/wp-json\/wp\/v2\/comments?post=1403"}],"wp:featuredmedia":[{"embeddable":true,"href":"https:\/\/purecrops.com\/fr\/wp-json\/wp\/v2\/media\/1405"}],"wp:attachment":[{"href":"https:\/\/purecrops.com\/fr\/wp-json\/wp\/v2\/media?parent=1403"}],"wp:term":[{"taxonomy":"product_cat","embeddable":true,"href":"https:\/\/purecrops.com\/fr\/wp-json\/wp\/v2\/product_cat?post=1403"},{"taxonomy":"product_tag","embeddable":true,"href":"https:\/\/purecrops.com\/fr\/wp-json\/wp\/v2\/product_tag?post=1403"}],"curies":[{"name":"wp","href":"https:\/\/api.w.org\/{rel}","templated":true}]}}