{"id":1399,"date":"2024-09-05T22:08:02","date_gmt":"2024-09-05T20:08:02","guid":{"rendered":"https:\/\/purecrops.com\/?post_type=product&#038;p=1399"},"modified":"2024-09-05T23:42:27","modified_gmt":"2024-09-05T21:42:27","slug":"kankan-2","status":"publish","type":"product","link":"https:\/\/purecrops.com\/fr\/product\/kankan-2\/","title":{"rendered":"Kankan"},"content":{"rendered":"<p>Id\u00e9al pour sublimer vos plats quotidiens avec une authentique saveur africaine.<\/p>\n","protected":false},"excerpt":{"rendered":"<p>Le Kankan est un m\u00e9lange d&rsquo;\u00e9pices africain traditionnel, riche en nutriments et r\u00e9put\u00e9 pour sa saveur audacieuse et aromatique. Compos\u00e9 de piments africains moulus, d&rsquo;\u00e9pices et d&rsquo;herbes, il ajoute une touche \u00e9pic\u00e9e unique aux rago\u00fbts, viandes grill\u00e9es et l\u00e9gumes.<\/p>\n","protected":false},"featured_media":1401,"comment_status":"open","ping_status":"closed","template":"","meta":{"_acf_changed":false,"content-type":""},"product_cat":[19],"product_tag":[],"class_list":{"0":"post-1399","1":"product","2":"type-product","3":"status-publish","4":"has-post-thumbnail","6":"product_cat-epices","8":"first","9":"outofstock","10":"purchasable","11":"product-type-simple"},"acf":[],"_links":{"self":[{"href":"https:\/\/purecrops.com\/fr\/wp-json\/wp\/v2\/product\/1399","targetHints":{"allow":["GET"]}}],"collection":[{"href":"https:\/\/purecrops.com\/fr\/wp-json\/wp\/v2\/product"}],"about":[{"href":"https:\/\/purecrops.com\/fr\/wp-json\/wp\/v2\/types\/product"}],"replies":[{"embeddable":true,"href":"https:\/\/purecrops.com\/fr\/wp-json\/wp\/v2\/comments?post=1399"}],"wp:featuredmedia":[{"embeddable":true,"href":"https:\/\/purecrops.com\/fr\/wp-json\/wp\/v2\/media\/1401"}],"wp:attachment":[{"href":"https:\/\/purecrops.com\/fr\/wp-json\/wp\/v2\/media?parent=1399"}],"wp:term":[{"taxonomy":"product_cat","embeddable":true,"href":"https:\/\/purecrops.com\/fr\/wp-json\/wp\/v2\/product_cat?post=1399"},{"taxonomy":"product_tag","embeddable":true,"href":"https:\/\/purecrops.com\/fr\/wp-json\/wp\/v2\/product_tag?post=1399"}],"curies":[{"name":"wp","href":"https:\/\/api.w.org\/{rel}","templated":true}]}}