{"id":1395,"date":"2024-09-05T22:02:05","date_gmt":"2024-09-05T20:02:05","guid":{"rendered":"https:\/\/purecrops.com\/?post_type=product&#038;p=1395"},"modified":"2024-09-05T23:43:15","modified_gmt":"2024-09-05T21:43:15","slug":"tapioca-2","status":"publish","type":"product","link":"https:\/\/purecrops.com\/fr\/product\/tapioca-2\/","title":{"rendered":"Tapioca"},"content":{"rendered":"<p>Il est id\u00e9al pour \u00e9paissir sauces, soupes et desserts, et se distingue par sa texture l\u00e9g\u00e8re. Tr\u00e8s utilis\u00e9 dans les cuisines du monde, il offre une alternative saine et nourrissante.<\/p>\n","protected":false},"excerpt":{"rendered":"<p>Le tapioca est un ingr\u00e9dient sans gluten et riche en amidon, extrait du manioc.<\/p>\n","protected":false},"featured_media":1397,"comment_status":"open","ping_status":"closed","template":"","meta":{"_acf_changed":false,"content-type":""},"product_cat":[21],"product_tag":[],"class_list":{"0":"post-1395","1":"product","2":"type-product","3":"status-publish","4":"has-post-thumbnail","6":"product_cat-farines-pates","8":"first","9":"outofstock","10":"purchasable","11":"product-type-simple"},"acf":[],"_links":{"self":[{"href":"https:\/\/purecrops.com\/fr\/wp-json\/wp\/v2\/product\/1395","targetHints":{"allow":["GET"]}}],"collection":[{"href":"https:\/\/purecrops.com\/fr\/wp-json\/wp\/v2\/product"}],"about":[{"href":"https:\/\/purecrops.com\/fr\/wp-json\/wp\/v2\/types\/product"}],"replies":[{"embeddable":true,"href":"https:\/\/purecrops.com\/fr\/wp-json\/wp\/v2\/comments?post=1395"}],"wp:featuredmedia":[{"embeddable":true,"href":"https:\/\/purecrops.com\/fr\/wp-json\/wp\/v2\/media\/1397"}],"wp:attachment":[{"href":"https:\/\/purecrops.com\/fr\/wp-json\/wp\/v2\/media?parent=1395"}],"wp:term":[{"taxonomy":"product_cat","embeddable":true,"href":"https:\/\/purecrops.com\/fr\/wp-json\/wp\/v2\/product_cat?post=1395"},{"taxonomy":"product_tag","embeddable":true,"href":"https:\/\/purecrops.com\/fr\/wp-json\/wp\/v2\/product_tag?post=1395"}],"curies":[{"name":"wp","href":"https:\/\/api.w.org\/{rel}","templated":true}]}}