{"id":1390,"date":"2024-09-04T10:52:01","date_gmt":"2024-09-04T08:52:01","guid":{"rendered":"https:\/\/purecrops.com\/?post_type=product&#038;p=1390"},"modified":"2024-09-04T10:54:31","modified_gmt":"2024-09-04T08:54:31","slug":"uziza-leaves","status":"publish","type":"product","link":"https:\/\/purecrops.com\/fr\/product\/uziza-leaves\/","title":{"rendered":"Uziza Leaves"},"content":{"rendered":"<p>Ces feuilles aromatiques ajoutent une touche unique \u00e0 vos soupes, rago\u00fbts et sauces, en enrichissant chaque plat de leurs notes riches et terreuses. Au-del\u00e0 de leur go\u00fbt, les Feuilles d&rsquo;Uziza sont appr\u00e9ci\u00e9es pour leurs bienfaits pour la sant\u00e9, notamment le soutien digestif et les propri\u00e9t\u00e9s anti-inflammatoires. Sublimez votre cuisine avec cet ingr\u00e9dient essentiel et riche en traditions, et apportez une saveur authentique de l&rsquo;Afrique \u00e0 votre table.<\/p>\n","protected":false},"excerpt":{"rendered":"<p>un ingr\u00e9dient distinctif de la cuisine africaine, reconnu pour sa saveur \u00e9pic\u00e9e et poivr\u00e9e.<\/p>\n","protected":false},"featured_media":1392,"comment_status":"open","ping_status":"closed","template":"","meta":{"_acf_changed":false,"content-type":""},"product_cat":[18],"product_tag":[],"class_list":{"0":"post-1390","1":"product","2":"type-product","3":"status-publish","4":"has-post-thumbnail","6":"product_cat-fruits-legume","8":"first","9":"outofstock","10":"purchasable","11":"product-type-simple"},"acf":[],"_links":{"self":[{"href":"https:\/\/purecrops.com\/fr\/wp-json\/wp\/v2\/product\/1390","targetHints":{"allow":["GET"]}}],"collection":[{"href":"https:\/\/purecrops.com\/fr\/wp-json\/wp\/v2\/product"}],"about":[{"href":"https:\/\/purecrops.com\/fr\/wp-json\/wp\/v2\/types\/product"}],"replies":[{"embeddable":true,"href":"https:\/\/purecrops.com\/fr\/wp-json\/wp\/v2\/comments?post=1390"}],"wp:featuredmedia":[{"embeddable":true,"href":"https:\/\/purecrops.com\/fr\/wp-json\/wp\/v2\/media\/1392"}],"wp:attachment":[{"href":"https:\/\/purecrops.com\/fr\/wp-json\/wp\/v2\/media?parent=1390"}],"wp:term":[{"taxonomy":"product_cat","embeddable":true,"href":"https:\/\/purecrops.com\/fr\/wp-json\/wp\/v2\/product_cat?post=1390"},{"taxonomy":"product_tag","embeddable":true,"href":"https:\/\/purecrops.com\/fr\/wp-json\/wp\/v2\/product_tag?post=1390"}],"curies":[{"name":"wp","href":"https:\/\/api.w.org\/{rel}","templated":true}]}}