{"id":1385,"date":"2024-09-04T10:32:59","date_gmt":"2024-09-04T08:32:59","guid":{"rendered":"https:\/\/purecrops.com\/?post_type=product&#038;p=1385"},"modified":"2024-09-04T10:35:57","modified_gmt":"2024-09-04T08:35:57","slug":"rondelle-2","status":"publish","type":"product","link":"https:\/\/purecrops.com\/fr\/product\/rondelle-2\/","title":{"rendered":"Rondelle"},"content":{"rendered":"<p>Ces rondelles s\u00e9ch\u00e9es et \u00e9pic\u00e9es, au go\u00fbt unique et l\u00e9g\u00e8rement piquant, apportent une profondeur de saveur incomparable \u00e0 vos soupes, sauces, et rago\u00fbts. Riches en traditions et en bienfaits, elles sont parfaites pour donner une touche authentique et exotique \u00e0 vos plats. Int\u00e9grez ce condiment incontournable dans votre cuisine et sublimez vos recettes avec une saveur authentique et intense.<\/p>\n","protected":false},"excerpt":{"rendered":"<p>Un secret bien gard\u00e9 de la cuisine africaine.<\/p>\n","protected":false},"featured_media":1387,"comment_status":"open","ping_status":"closed","template":"","meta":{"_acf_changed":false,"content-type":""},"product_cat":[19],"product_tag":[],"class_list":{"0":"post-1385","1":"product","2":"type-product","3":"status-publish","4":"has-post-thumbnail","6":"product_cat-epices","8":"first","9":"outofstock","10":"purchasable","11":"product-type-simple"},"acf":[],"_links":{"self":[{"href":"https:\/\/purecrops.com\/fr\/wp-json\/wp\/v2\/product\/1385","targetHints":{"allow":["GET"]}}],"collection":[{"href":"https:\/\/purecrops.com\/fr\/wp-json\/wp\/v2\/product"}],"about":[{"href":"https:\/\/purecrops.com\/fr\/wp-json\/wp\/v2\/types\/product"}],"replies":[{"embeddable":true,"href":"https:\/\/purecrops.com\/fr\/wp-json\/wp\/v2\/comments?post=1385"}],"wp:featuredmedia":[{"embeddable":true,"href":"https:\/\/purecrops.com\/fr\/wp-json\/wp\/v2\/media\/1387"}],"wp:attachment":[{"href":"https:\/\/purecrops.com\/fr\/wp-json\/wp\/v2\/media?parent=1385"}],"wp:term":[{"taxonomy":"product_cat","embeddable":true,"href":"https:\/\/purecrops.com\/fr\/wp-json\/wp\/v2\/product_cat?post=1385"},{"taxonomy":"product_tag","embeddable":true,"href":"https:\/\/purecrops.com\/fr\/wp-json\/wp\/v2\/product_tag?post=1385"}],"curies":[{"name":"wp","href":"https:\/\/api.w.org\/{rel}","templated":true}]}}