{"id":1381,"date":"2024-09-04T10:20:07","date_gmt":"2024-09-04T08:20:07","guid":{"rendered":"https:\/\/purecrops.com\/?post_type=product&#038;p=1381"},"modified":"2024-09-04T10:23:44","modified_gmt":"2024-09-04T08:23:44","slug":"scent-leaves","status":"publish","type":"product","link":"https:\/\/purecrops.com\/fr\/product\/scent-leaves\/","title":{"rendered":"Scent Leaves"},"content":{"rendered":"<p>un tr\u00e9sor culinaire et m\u00e9dicinal aux ar\u00f4mes frais et poivr\u00e9s. Id\u00e9ales pour rehausser vos plats, elles apportent une saveur authentique tout en offrant des bienfaits pour la sant\u00e9. Ajoutez une touche d&rsquo;exotisme naturel \u00e0 vos recettes avec ce produit essentiel et riche en traditions.<\/p>\n","protected":false},"excerpt":{"rendered":"<p>un tr\u00e9sor culinaire et m\u00e9dicinal aux ar\u00f4mes frais et poivr\u00e9s. Id\u00e9ales pour rehausser vos plats, elles apportent une saveur authentique tout en offrant des bienfaits pour la sant\u00e9. Ajoutez une touche d&rsquo;exotisme naturel \u00e0 vos recettes avec ce produit essentiel et riche en traditions.<\/p>\n","protected":false},"featured_media":1383,"comment_status":"open","ping_status":"closed","template":"","meta":{"_acf_changed":false,"content-type":""},"product_cat":[18],"product_tag":[],"class_list":{"0":"post-1381","1":"product","2":"type-product","3":"status-publish","4":"has-post-thumbnail","6":"product_cat-fruits-legume","8":"first","9":"outofstock","10":"purchasable","11":"product-type-simple"},"acf":[],"_links":{"self":[{"href":"https:\/\/purecrops.com\/fr\/wp-json\/wp\/v2\/product\/1381","targetHints":{"allow":["GET"]}}],"collection":[{"href":"https:\/\/purecrops.com\/fr\/wp-json\/wp\/v2\/product"}],"about":[{"href":"https:\/\/purecrops.com\/fr\/wp-json\/wp\/v2\/types\/product"}],"replies":[{"embeddable":true,"href":"https:\/\/purecrops.com\/fr\/wp-json\/wp\/v2\/comments?post=1381"}],"wp:featuredmedia":[{"embeddable":true,"href":"https:\/\/purecrops.com\/fr\/wp-json\/wp\/v2\/media\/1383"}],"wp:attachment":[{"href":"https:\/\/purecrops.com\/fr\/wp-json\/wp\/v2\/media?parent=1381"}],"wp:term":[{"taxonomy":"product_cat","embeddable":true,"href":"https:\/\/purecrops.com\/fr\/wp-json\/wp\/v2\/product_cat?post=1381"},{"taxonomy":"product_tag","embeddable":true,"href":"https:\/\/purecrops.com\/fr\/wp-json\/wp\/v2\/product_tag?post=1381"}],"curies":[{"name":"wp","href":"https:\/\/api.w.org\/{rel}","templated":true}]}}