{"id":1375,"date":"2024-08-31T21:45:45","date_gmt":"2024-08-31T19:45:45","guid":{"rendered":"https:\/\/purecrops.com\/?post_type=product&#038;p=1375"},"modified":"2024-08-31T21:48:42","modified_gmt":"2024-08-31T19:48:42","slug":"miondo","status":"publish","type":"product","link":"https:\/\/purecrops.com\/fr\/product\/miondo\/","title":{"rendered":"Miondo"},"content":{"rendered":"<p>Les miondos d&rsquo;Agrotrade sont constitu\u00e9s de la chair \u00e9cras\u00e9e de la racine de yucca, envelopp\u00e9e dans des feuilles de bananier et cuite \u00e0 la vapeur pendant plusieurs heures. Nos b\u00e2tons de manioc sont d\u00e9licieux coup\u00e9s et accompagn\u00e9s de rago\u00fbt. Ils ont un go\u00fbt agr\u00e9able qu&rsquo;ils empruntent aux feuilles de bananier.<\/p>\n","protected":false},"excerpt":{"rendered":"<p>Les miondos d&rsquo;Agrotrade sont faits de la chair \u00e9cras\u00e9e de la racine de yucca, envelopp\u00e9e dans des feuilles de bananier et cuite \u00e0 la vapeur pendant plusieurs heures. Nos b\u00e2tons de manioc sont excellents coup\u00e9s et accompagn\u00e9s de rago\u00fbt. Ils ont un go\u00fbt agr\u00e9able qu&rsquo;ils acqui\u00e8rent des feuilles de bananier.<\/p>\n","protected":false},"featured_media":1377,"comment_status":"open","ping_status":"closed","template":"","meta":{"_acf_changed":false,"content-type":""},"product_cat":[21],"product_tag":[],"class_list":{"0":"post-1375","1":"product","2":"type-product","3":"status-publish","4":"has-post-thumbnail","6":"product_cat-farines-pates","8":"first","9":"outofstock","10":"purchasable","11":"product-type-simple"},"acf":[],"_links":{"self":[{"href":"https:\/\/purecrops.com\/fr\/wp-json\/wp\/v2\/product\/1375","targetHints":{"allow":["GET"]}}],"collection":[{"href":"https:\/\/purecrops.com\/fr\/wp-json\/wp\/v2\/product"}],"about":[{"href":"https:\/\/purecrops.com\/fr\/wp-json\/wp\/v2\/types\/product"}],"replies":[{"embeddable":true,"href":"https:\/\/purecrops.com\/fr\/wp-json\/wp\/v2\/comments?post=1375"}],"wp:featuredmedia":[{"embeddable":true,"href":"https:\/\/purecrops.com\/fr\/wp-json\/wp\/v2\/media\/1377"}],"wp:attachment":[{"href":"https:\/\/purecrops.com\/fr\/wp-json\/wp\/v2\/media?parent=1375"}],"wp:term":[{"taxonomy":"product_cat","embeddable":true,"href":"https:\/\/purecrops.com\/fr\/wp-json\/wp\/v2\/product_cat?post=1375"},{"taxonomy":"product_tag","embeddable":true,"href":"https:\/\/purecrops.com\/fr\/wp-json\/wp\/v2\/product_tag?post=1375"}],"curies":[{"name":"wp","href":"https:\/\/api.w.org\/{rel}","templated":true}]}}