{"id":1367,"date":"2024-08-31T21:26:37","date_gmt":"2024-08-31T19:26:37","guid":{"rendered":"https:\/\/purecrops.com\/?post_type=product&#038;p=1367"},"modified":"2024-08-31T21:32:20","modified_gmt":"2024-08-31T19:32:20","slug":"egusi-pistache","status":"publish","type":"product","link":"https:\/\/purecrops.com\/fr\/product\/egusi-pistache\/","title":{"rendered":"Egusi\/Pistache"},"content":{"rendered":"<p>L&rsquo;Egusi\/Pistache est un ingr\u00e9dient polyvalent pris\u00e9 dans la cuisine africaine, reconnu pour sa saveur riche et l\u00e9g\u00e8rement noisette ainsi que sa teneur \u00e9lev\u00e9e en prot\u00e9ines. Id\u00e9al pour \u00e9paissir les soupes, rago\u00fbts, et apporter de la profondeur aux plats traditionnels.<\/p>\n","protected":false},"excerpt":{"rendered":"<p>L&rsquo;Egusi\/Pistache est un ingr\u00e9dient polyvalent pris\u00e9 dans la cuisine africaine, reconnu pour sa saveur riche et l\u00e9g\u00e8rement noisette ainsi que sa teneur \u00e9lev\u00e9e en prot\u00e9ines. Id\u00e9al pour \u00e9paissir les soupes, rago\u00fbts, et apporter de la profondeur aux plats traditionnels.<\/p>\n","protected":false},"featured_media":1369,"comment_status":"open","ping_status":"closed","template":"","meta":{"_acf_changed":false,"content-type":""},"product_cat":[18],"product_tag":[],"class_list":{"0":"post-1367","1":"product","2":"type-product","3":"status-publish","4":"has-post-thumbnail","6":"product_cat-fruits-legume","8":"first","9":"outofstock","10":"purchasable","11":"product-type-simple"},"acf":[],"_links":{"self":[{"href":"https:\/\/purecrops.com\/fr\/wp-json\/wp\/v2\/product\/1367","targetHints":{"allow":["GET"]}}],"collection":[{"href":"https:\/\/purecrops.com\/fr\/wp-json\/wp\/v2\/product"}],"about":[{"href":"https:\/\/purecrops.com\/fr\/wp-json\/wp\/v2\/types\/product"}],"replies":[{"embeddable":true,"href":"https:\/\/purecrops.com\/fr\/wp-json\/wp\/v2\/comments?post=1367"}],"wp:featuredmedia":[{"embeddable":true,"href":"https:\/\/purecrops.com\/fr\/wp-json\/wp\/v2\/media\/1369"}],"wp:attachment":[{"href":"https:\/\/purecrops.com\/fr\/wp-json\/wp\/v2\/media?parent=1367"}],"wp:term":[{"taxonomy":"product_cat","embeddable":true,"href":"https:\/\/purecrops.com\/fr\/wp-json\/wp\/v2\/product_cat?post=1367"},{"taxonomy":"product_tag","embeddable":true,"href":"https:\/\/purecrops.com\/fr\/wp-json\/wp\/v2\/product_tag?post=1367"}],"curies":[{"name":"wp","href":"https:\/\/api.w.org\/{rel}","templated":true}]}}