{"id":1357,"date":"2024-08-30T18:21:31","date_gmt":"2024-08-30T16:21:31","guid":{"rendered":"https:\/\/purecrops.com\/?post_type=product&#038;p=1357"},"modified":"2024-08-30T18:26:04","modified_gmt":"2024-08-30T16:26:04","slug":"mintouba","status":"publish","type":"product","link":"https:\/\/purecrops.com\/fr\/product\/mintouba\/","title":{"rendered":"Mintouba"},"content":{"rendered":"<p>D\u00e9couvrez la saveur unique du Mintouba, un produit de qualit\u00e9 sup\u00e9rieure pr\u00eat \u00e0 \u00eatre d\u00e9gust\u00e9. Parfait pour la cuisine ou comme en-cas, le Mintouba offre un go\u00fbt et une texture distinctifs qui rehaussent vos exp\u00e9riences culinaires. Id\u00e9al pour ajouter une touche sp\u00e9ciale \u00e0 vos recettes ou comme un en-cas d\u00e9licieux, notre Mintouba se distingue par sa qualit\u00e9 exceptionnelle et son go\u00fbt authentique.<\/p>\n","protected":false},"excerpt":{"rendered":"<p>\u00c9levez vos repas avec cet ingr\u00e9dient exceptionnel et savourez la diff\u00e9rence qu&rsquo;il apporte \u00e0 votre cuisine.<\/p>\n","protected":false},"featured_media":1324,"comment_status":"open","ping_status":"closed","template":"","meta":{"_acf_changed":false,"content-type":""},"product_cat":[21],"product_tag":[],"class_list":{"0":"post-1357","1":"product","2":"type-product","3":"status-publish","4":"has-post-thumbnail","6":"product_cat-farines-pates","8":"first","9":"outofstock","10":"purchasable","11":"product-type-simple"},"acf":[],"_links":{"self":[{"href":"https:\/\/purecrops.com\/fr\/wp-json\/wp\/v2\/product\/1357","targetHints":{"allow":["GET"]}}],"collection":[{"href":"https:\/\/purecrops.com\/fr\/wp-json\/wp\/v2\/product"}],"about":[{"href":"https:\/\/purecrops.com\/fr\/wp-json\/wp\/v2\/types\/product"}],"replies":[{"embeddable":true,"href":"https:\/\/purecrops.com\/fr\/wp-json\/wp\/v2\/comments?post=1357"}],"wp:featuredmedia":[{"embeddable":true,"href":"https:\/\/purecrops.com\/fr\/wp-json\/wp\/v2\/media\/1324"}],"wp:attachment":[{"href":"https:\/\/purecrops.com\/fr\/wp-json\/wp\/v2\/media?parent=1357"}],"wp:term":[{"taxonomy":"product_cat","embeddable":true,"href":"https:\/\/purecrops.com\/fr\/wp-json\/wp\/v2\/product_cat?post=1357"},{"taxonomy":"product_tag","embeddable":true,"href":"https:\/\/purecrops.com\/fr\/wp-json\/wp\/v2\/product_tag?post=1357"}],"curies":[{"name":"wp","href":"https:\/\/api.w.org\/{rel}","templated":true}]}}