{"id":1352,"date":"2024-08-30T18:03:07","date_gmt":"2024-08-30T16:03:07","guid":{"rendered":"https:\/\/purecrops.com\/?post_type=product&#038;p=1352"},"modified":"2024-08-31T09:32:49","modified_gmt":"2024-08-31T07:32:49","slug":"bouillie","status":"publish","type":"product","link":"https:\/\/purecrops.com\/fr\/product\/bouillie\/","title":{"rendered":"Bouillie"},"content":{"rendered":"<p>Un d\u00e9lice traditionnel \u00e0 base de c\u00e9r\u00e9ales ou de l\u00e9gumes, la bouillie est un aliment polyvalent et nourrissant, parfait pour commencer la journ\u00e9e ou comme collation. Pr\u00e9par\u00e9e avec des ingr\u00e9dients de haute qualit\u00e9, elle offre une texture cr\u00e9meuse et un go\u00fbt riche qui plaira \u00e0 toute la famille. Enrichie en vitamines et min\u00e9raux essentiels, notre bouillie est con\u00e7ue pour vous offrir une option saine et savoureuse, tout en conservant les saveurs authentiques de la cuisine traditionnelle.<\/p>\n","protected":false},"excerpt":{"rendered":"<p>D\u00e9couvrez comment la bouillie peut ajouter une touche de confort et de nutrition \u00e0 votre alimentation quotidienne.<\/p>\n","protected":false},"featured_media":1286,"comment_status":"open","ping_status":"closed","template":"","meta":{"_acf_changed":false,"content-type":""},"product_cat":[21],"product_tag":[],"class_list":{"0":"post-1352","1":"product","2":"type-product","3":"status-publish","4":"has-post-thumbnail","6":"product_cat-farines-pates","8":"first","9":"outofstock","10":"purchasable","11":"product-type-simple"},"acf":[],"_links":{"self":[{"href":"https:\/\/purecrops.com\/fr\/wp-json\/wp\/v2\/product\/1352","targetHints":{"allow":["GET"]}}],"collection":[{"href":"https:\/\/purecrops.com\/fr\/wp-json\/wp\/v2\/product"}],"about":[{"href":"https:\/\/purecrops.com\/fr\/wp-json\/wp\/v2\/types\/product"}],"replies":[{"embeddable":true,"href":"https:\/\/purecrops.com\/fr\/wp-json\/wp\/v2\/comments?post=1352"}],"wp:featuredmedia":[{"embeddable":true,"href":"https:\/\/purecrops.com\/fr\/wp-json\/wp\/v2\/media\/1286"}],"wp:attachment":[{"href":"https:\/\/purecrops.com\/fr\/wp-json\/wp\/v2\/media?parent=1352"}],"wp:term":[{"taxonomy":"product_cat","embeddable":true,"href":"https:\/\/purecrops.com\/fr\/wp-json\/wp\/v2\/product_cat?post=1352"},{"taxonomy":"product_tag","embeddable":true,"href":"https:\/\/purecrops.com\/fr\/wp-json\/wp\/v2\/product_tag?post=1352"}],"curies":[{"name":"wp","href":"https:\/\/api.w.org\/{rel}","templated":true}]}}