{"id":1350,"date":"2024-08-30T17:51:47","date_gmt":"2024-08-30T15:51:47","guid":{"rendered":"https:\/\/purecrops.com\/?post_type=product&#038;p=1350"},"modified":"2024-08-30T17:56:59","modified_gmt":"2024-08-30T15:56:59","slug":"kaolin","status":"publish","type":"product","link":"https:\/\/purecrops.com\/fr\/product\/kaolin\/","title":{"rendered":"Kaolin"},"content":{"rendered":"<p>Un argile blanc naturel reconnu pour ses propri\u00e9t\u00e9s purifiantes et apaisantes. Utilis\u00e9 depuis des si\u00e8cles dans les soins de la peau, le kaolin absorbe l&rsquo;exc\u00e8s de s\u00e9bum, nettoie en douceur et aide \u00e0 raffiner la texture de la peau. Id\u00e9al pour les masques et autres produits de beaut\u00e9, il convient \u00e0 tous les types de peau, m\u00eame les plus sensibles.<\/p>\n","protected":false},"excerpt":{"rendered":"<p>D\u00e9couvrez le pouvoir du kaolin pour une peau \u00e9clatante et revitalis\u00e9e.<\/p>\n","protected":false},"featured_media":1322,"comment_status":"open","ping_status":"closed","template":"","meta":{"_acf_changed":false,"content-type":""},"product_cat":[16],"product_tag":[],"class_list":{"0":"post-1350","1":"product","2":"type-product","3":"status-publish","4":"has-post-thumbnail","6":"product_cat-autres","8":"first","9":"instock","10":"purchasable","11":"product-type-simple"},"acf":[],"_links":{"self":[{"href":"https:\/\/purecrops.com\/fr\/wp-json\/wp\/v2\/product\/1350","targetHints":{"allow":["GET"]}}],"collection":[{"href":"https:\/\/purecrops.com\/fr\/wp-json\/wp\/v2\/product"}],"about":[{"href":"https:\/\/purecrops.com\/fr\/wp-json\/wp\/v2\/types\/product"}],"replies":[{"embeddable":true,"href":"https:\/\/purecrops.com\/fr\/wp-json\/wp\/v2\/comments?post=1350"}],"wp:featuredmedia":[{"embeddable":true,"href":"https:\/\/purecrops.com\/fr\/wp-json\/wp\/v2\/media\/1322"}],"wp:attachment":[{"href":"https:\/\/purecrops.com\/fr\/wp-json\/wp\/v2\/media?parent=1350"}],"wp:term":[{"taxonomy":"product_cat","embeddable":true,"href":"https:\/\/purecrops.com\/fr\/wp-json\/wp\/v2\/product_cat?post=1350"},{"taxonomy":"product_tag","embeddable":true,"href":"https:\/\/purecrops.com\/fr\/wp-json\/wp\/v2\/product_tag?post=1350"}],"curies":[{"name":"wp","href":"https:\/\/api.w.org\/{rel}","templated":true}]}}