{"id":1347,"date":"2024-08-30T17:41:27","date_gmt":"2024-08-30T15:41:27","guid":{"rendered":"https:\/\/purecrops.com\/?post_type=product&#038;p=1347"},"modified":"2024-08-31T09:37:56","modified_gmt":"2024-08-31T07:37:56","slug":"folere","status":"publish","type":"product","link":"https:\/\/purecrops.com\/fr\/product\/folere\/","title":{"rendered":"Folere"},"content":{"rendered":"<p>Une boisson vibrante et acidul\u00e9e \u00e0 base de fleurs d&rsquo;hibiscus, le fol\u00e9r\u00e9 est une boisson rafra\u00eechissante et nutritive qui offre une explosion de saveurs \u00e0 chaque gorg\u00e9e. Riche en antioxydants et en vitamine C, il est parfait pour ceux qui recherchent une alternative saine et exotique aux boissons traditionnelles. D\u00e9gustez-le bien frais lors des journ\u00e9es chaudes ou chaud pour un r\u00e9confort apaisant.<\/p>\n","protected":false},"excerpt":{"rendered":"<p>Le fol\u00e9r\u00e9 apporte le go\u00fbt de l&rsquo;Afrique \u00e0 votre verre, offrant une exp\u00e9rience unique, \u00e0 la fois d\u00e9licieuse et b\u00e9n\u00e9fique pour la sant\u00e9<\/p>\n","protected":false},"featured_media":1306,"comment_status":"open","ping_status":"closed","template":"","meta":{"_acf_changed":false,"content-type":""},"product_cat":[18],"product_tag":[],"class_list":{"0":"post-1347","1":"product","2":"type-product","3":"status-publish","4":"has-post-thumbnail","6":"product_cat-fruits-legume","8":"first","9":"outofstock","10":"purchasable","11":"product-type-simple"},"acf":[],"_links":{"self":[{"href":"https:\/\/purecrops.com\/fr\/wp-json\/wp\/v2\/product\/1347","targetHints":{"allow":["GET"]}}],"collection":[{"href":"https:\/\/purecrops.com\/fr\/wp-json\/wp\/v2\/product"}],"about":[{"href":"https:\/\/purecrops.com\/fr\/wp-json\/wp\/v2\/types\/product"}],"replies":[{"embeddable":true,"href":"https:\/\/purecrops.com\/fr\/wp-json\/wp\/v2\/comments?post=1347"}],"wp:featuredmedia":[{"embeddable":true,"href":"https:\/\/purecrops.com\/fr\/wp-json\/wp\/v2\/media\/1306"}],"wp:attachment":[{"href":"https:\/\/purecrops.com\/fr\/wp-json\/wp\/v2\/media?parent=1347"}],"wp:term":[{"taxonomy":"product_cat","embeddable":true,"href":"https:\/\/purecrops.com\/fr\/wp-json\/wp\/v2\/product_cat?post=1347"},{"taxonomy":"product_tag","embeddable":true,"href":"https:\/\/purecrops.com\/fr\/wp-json\/wp\/v2\/product_tag?post=1347"}],"curies":[{"name":"wp","href":"https:\/\/api.w.org\/{rel}","templated":true}]}}