{"id":1266,"date":"2024-08-28T14:28:22","date_gmt":"2024-08-28T12:28:22","guid":{"rendered":"https:\/\/purecrops.com\/?post_type=product&#038;p=1266"},"modified":"2024-08-30T16:50:14","modified_gmt":"2024-08-30T14:50:14","slug":"farine-de-mais","status":"publish","type":"product","link":"https:\/\/purecrops.com\/fr\/product\/farine-de-mais\/","title":{"rendered":"Farine de Ma\u00efs"},"content":{"rendered":"<p><strong>Farine de Ma\u00efs d&rsquo;Agrotrade<\/strong>: Fine poudre de ma\u00efs, id\u00e9ale pour pr\u00e9parer pains, p\u00e2tisseries, et plats savoureux. Riche en saveur, elle apporte une texture l\u00e9g\u00e8re et un go\u00fbt authentique \u00e0 vos recettes.<\/p>\n","protected":false},"excerpt":{"rendered":"<p>Riche en saveur, elle apporte une texture l\u00e9g\u00e8re et un go\u00fbt authentique \u00e0 vos recettes.<\/p>\n","protected":false},"featured_media":1262,"comment_status":"open","ping_status":"closed","template":"","meta":{"_acf_changed":false,"content-type":""},"product_cat":[21],"product_tag":[],"class_list":{"0":"post-1266","1":"product","2":"type-product","3":"status-publish","4":"has-post-thumbnail","6":"product_cat-farines-pates","8":"first","9":"instock","10":"purchasable","11":"product-type-simple"},"acf":[],"_links":{"self":[{"href":"https:\/\/purecrops.com\/fr\/wp-json\/wp\/v2\/product\/1266","targetHints":{"allow":["GET"]}}],"collection":[{"href":"https:\/\/purecrops.com\/fr\/wp-json\/wp\/v2\/product"}],"about":[{"href":"https:\/\/purecrops.com\/fr\/wp-json\/wp\/v2\/types\/product"}],"replies":[{"embeddable":true,"href":"https:\/\/purecrops.com\/fr\/wp-json\/wp\/v2\/comments?post=1266"}],"wp:featuredmedia":[{"embeddable":true,"href":"https:\/\/purecrops.com\/fr\/wp-json\/wp\/v2\/media\/1262"}],"wp:attachment":[{"href":"https:\/\/purecrops.com\/fr\/wp-json\/wp\/v2\/media?parent=1266"}],"wp:term":[{"taxonomy":"product_cat","embeddable":true,"href":"https:\/\/purecrops.com\/fr\/wp-json\/wp\/v2\/product_cat?post=1266"},{"taxonomy":"product_tag","embeddable":true,"href":"https:\/\/purecrops.com\/fr\/wp-json\/wp\/v2\/product_tag?post=1266"}],"curies":[{"name":"wp","href":"https:\/\/api.w.org\/{rel}","templated":true}]}}