{"id":1250,"date":"2024-08-28T14:14:55","date_gmt":"2024-08-28T12:14:55","guid":{"rendered":"https:\/\/purecrops.com\/?post_type=product&#038;p=1250"},"modified":"2024-08-28T14:21:30","modified_gmt":"2024-08-28T12:21:30","slug":"farine-de-manioc","status":"publish","type":"product","link":"https:\/\/purecrops.com\/fr\/product\/farine-de-manioc\/","title":{"rendered":"Farine de Manioc"},"content":{"rendered":"<p><strong>Farine de Manioc d&rsquo;Agrotrade<\/strong>: Poudre fine obtenue \u00e0 partir de racines de manioc, id\u00e9ale pour pr\u00e9parer des pains, p\u00e2tisseries, et plats traditionnels. Sans gluten, riche en glucides, elle apporte une texture lisse et un go\u00fbt authentique \u00e0 vos recettes.<\/p>\n","protected":false},"excerpt":{"rendered":"<p>Sans gluten, riche en glucides, elle apporte une texture lisse et un go\u00fbt authentique \u00e0 vos recettes.<\/p>\n","protected":false},"featured_media":1258,"comment_status":"open","ping_status":"closed","template":"","meta":{"_acf_changed":false,"content-type":""},"product_cat":[21],"product_tag":[],"class_list":{"0":"post-1250","1":"product","2":"type-product","3":"status-publish","4":"has-post-thumbnail","6":"product_cat-farines-pates","8":"first","9":"instock","10":"purchasable","11":"product-type-simple"},"acf":[],"_links":{"self":[{"href":"https:\/\/purecrops.com\/fr\/wp-json\/wp\/v2\/product\/1250","targetHints":{"allow":["GET"]}}],"collection":[{"href":"https:\/\/purecrops.com\/fr\/wp-json\/wp\/v2\/product"}],"about":[{"href":"https:\/\/purecrops.com\/fr\/wp-json\/wp\/v2\/types\/product"}],"replies":[{"embeddable":true,"href":"https:\/\/purecrops.com\/fr\/wp-json\/wp\/v2\/comments?post=1250"}],"wp:featuredmedia":[{"embeddable":true,"href":"https:\/\/purecrops.com\/fr\/wp-json\/wp\/v2\/media\/1258"}],"wp:attachment":[{"href":"https:\/\/purecrops.com\/fr\/wp-json\/wp\/v2\/media?parent=1250"}],"wp:term":[{"taxonomy":"product_cat","embeddable":true,"href":"https:\/\/purecrops.com\/fr\/wp-json\/wp\/v2\/product_cat?post=1250"},{"taxonomy":"product_tag","embeddable":true,"href":"https:\/\/purecrops.com\/fr\/wp-json\/wp\/v2\/product_tag?post=1250"}],"curies":[{"name":"wp","href":"https:\/\/api.w.org\/{rel}","templated":true}]}}