{"id":1247,"date":"2024-08-28T13:50:41","date_gmt":"2024-08-28T11:50:41","guid":{"rendered":"https:\/\/purecrops.com\/?post_type=product&#038;p=1247"},"modified":"2024-08-30T16:51:56","modified_gmt":"2024-08-30T14:51:56","slug":"arachides-blanches-decortiquees-de-garoua","status":"publish","type":"product","link":"https:\/\/purecrops.com\/fr\/product\/arachides-blanches-decortiquees-de-garoua\/","title":{"rendered":"Arachides Blanches D\u00e9cortiqu\u00e9es de Garoua"},"content":{"rendered":"<p>Les arachides blanches d\u00e9cortiqu\u00e9es de Garoua d&rsquo;Agrotrade sont des arachides non grill\u00e9es et non sal\u00e9es. Pour obtenir nos arachides blanches d\u00e9cortiqu\u00e9es de Garoua, les arachides sont bri\u00e8vement blanchies pour enlever la peau. Ces arachides peuvent \u00eatre consomm\u00e9es en collation ou utilis\u00e9es en cuisine.<\/p>\n","protected":false},"excerpt":{"rendered":"<p>Les arachides blanches d\u00e9cortiqu\u00e9es de Garoua d&rsquo;Agrotrade sont des arachides non grill\u00e9es et non sal\u00e9es. Pour obtenir nos arachides blanches d\u00e9cortiqu\u00e9es de Garoua, les arachides sont bri\u00e8vement blanchies pour enlever la peau. Ces arachides peuvent \u00eatre consomm\u00e9es en collation ou utilis\u00e9es en cuisine.<\/p>\n","protected":false},"featured_media":970,"comment_status":"open","ping_status":"closed","template":"","meta":{"_acf_changed":false,"content-type":""},"product_cat":[18],"product_tag":[],"class_list":{"0":"post-1247","1":"product","2":"type-product","3":"status-publish","4":"has-post-thumbnail","6":"product_cat-fruits-legume","8":"first","9":"instock","10":"purchasable","11":"product-type-simple"},"acf":[],"_links":{"self":[{"href":"https:\/\/purecrops.com\/fr\/wp-json\/wp\/v2\/product\/1247","targetHints":{"allow":["GET"]}}],"collection":[{"href":"https:\/\/purecrops.com\/fr\/wp-json\/wp\/v2\/product"}],"about":[{"href":"https:\/\/purecrops.com\/fr\/wp-json\/wp\/v2\/types\/product"}],"replies":[{"embeddable":true,"href":"https:\/\/purecrops.com\/fr\/wp-json\/wp\/v2\/comments?post=1247"}],"wp:featuredmedia":[{"embeddable":true,"href":"https:\/\/purecrops.com\/fr\/wp-json\/wp\/v2\/media\/970"}],"wp:attachment":[{"href":"https:\/\/purecrops.com\/fr\/wp-json\/wp\/v2\/media?parent=1247"}],"wp:term":[{"taxonomy":"product_cat","embeddable":true,"href":"https:\/\/purecrops.com\/fr\/wp-json\/wp\/v2\/product_cat?post=1247"},{"taxonomy":"product_tag","embeddable":true,"href":"https:\/\/purecrops.com\/fr\/wp-json\/wp\/v2\/product_tag?post=1247"}],"curies":[{"name":"wp","href":"https:\/\/api.w.org\/{rel}","templated":true}]}}