{"id":1228,"date":"2024-08-28T12:11:56","date_gmt":"2024-08-28T10:11:56","guid":{"rendered":"https:\/\/purecrops.com\/?post_type=product&#038;p=1228"},"modified":"2024-08-30T21:53:12","modified_gmt":"2024-08-30T19:53:12","slug":"plums-safou-ube","status":"publish","type":"product","link":"https:\/\/purecrops.com\/fr\/product\/plums-safou-ube\/","title":{"rendered":"Plums\/Safou\/Ube 1Kg"},"content":{"rendered":"<p>Le <strong>Safou<\/strong>, \u00e9galement connu sous le nom de prunes africaines ou Ube, est un superfruit unique originaire d&rsquo;Afrique. Appr\u00e9ci\u00e9 pour sa saveur riche et beurr\u00e9e, ce fruit est non seulement d\u00e9licieux, mais aussi une source naturelle de vitamines, d&rsquo;antioxydants, et de fibres. Parfait pour une collation saine ou pour enrichir vos recettes, le Safou est un incontournable pour ceux qui recherchent des aliments exotiques et nutritifs. Faites l&rsquo;exp\u00e9rience de ce tr\u00e9sor culinaire et d\u00e9couvrez pourquoi il est si pris\u00e9 \u00e0 travers le monde.<\/p>\n","protected":false},"excerpt":{"rendered":"<p>Ce fruit est non seulement d\u00e9licieux, mais aussi une source naturelle de vitamines, d&rsquo;antioxydants, et de fibres. Parfait pour une collation saine ou pour enrichir vos recettes, le Safou est un incontournable pour ceux qui recherchent des aliments exotiques et nutritifs. Faites l&rsquo;exp\u00e9rience de ce tr\u00e9sor culinaire et d\u00e9couvrez pourquoi il est si pris\u00e9 \u00e0 travers le monde.<\/p>\n","protected":false},"featured_media":1231,"comment_status":"open","ping_status":"closed","template":"","meta":{"_acf_changed":false,"content-type":""},"product_cat":[18],"product_tag":[],"class_list":{"0":"post-1228","1":"product","2":"type-product","3":"status-publish","4":"has-post-thumbnail","6":"product_cat-fruits-legume","8":"first","9":"instock","10":"purchasable","11":"product-type-simple"},"acf":[],"_links":{"self":[{"href":"https:\/\/purecrops.com\/fr\/wp-json\/wp\/v2\/product\/1228","targetHints":{"allow":["GET"]}}],"collection":[{"href":"https:\/\/purecrops.com\/fr\/wp-json\/wp\/v2\/product"}],"about":[{"href":"https:\/\/purecrops.com\/fr\/wp-json\/wp\/v2\/types\/product"}],"replies":[{"embeddable":true,"href":"https:\/\/purecrops.com\/fr\/wp-json\/wp\/v2\/comments?post=1228"}],"wp:featuredmedia":[{"embeddable":true,"href":"https:\/\/purecrops.com\/fr\/wp-json\/wp\/v2\/media\/1231"}],"wp:attachment":[{"href":"https:\/\/purecrops.com\/fr\/wp-json\/wp\/v2\/media?parent=1228"}],"wp:term":[{"taxonomy":"product_cat","embeddable":true,"href":"https:\/\/purecrops.com\/fr\/wp-json\/wp\/v2\/product_cat?post=1228"},{"taxonomy":"product_tag","embeddable":true,"href":"https:\/\/purecrops.com\/fr\/wp-json\/wp\/v2\/product_tag?post=1228"}],"curies":[{"name":"wp","href":"https:\/\/api.w.org\/{rel}","templated":true}]}}